{"id":881,"date":"2018-06-05T14:19:55","date_gmt":"2018-06-05T12:19:55","guid":{"rendered":"http:\/\/bolge.elated-themes.com\/?page_id=881"},"modified":"2026-04-21T15:26:57","modified_gmt":"2026-04-21T13:26:57","slug":"a-propos-2","status":"publish","type":"page","link":"https:\/\/www.cocktail-studio.com\/en\/a-propos-2\/","title":{"rendered":"About"},"content":{"rendered":"<div class=\"eltdf-row-grid-section-wrapper\"  ><div class=\"eltdf-row-grid-section\"><div class=\"vc_row wpb_row vc_row-fluid vc_column-gap-30 vc_row-o-equal-height vc_row-o-content-top vc_row-flex\" ><div class=\"wpb_column vc_column_container vc_col-sm-6\"><div class=\"vc_column-inner\"><div class=\"wpb_wrapper\"><div class=\"eltdf-elements-holder   eltdf-two-columns  eltdf-responsive-mode-768\" ><div class=\"eltdf-eh-item\"  data-item-class=\"eltdf-eh-custom-8118\">\n\t<div class=\"eltdf-eh-item-inner\">\n\t\t<div class=\"eltdf-eh-item-content eltdf-eh-custom-8118\" >\n\t\t\t<div class=\"vc_empty_space\"   style=\"height: 20px\"><span class=\"vc_empty_space_inner\"><\/span><\/div><div class=\"eltdf-section-title-holder  eltdf-st-standard eltdf-st-title-left eltdf-st-normal-space\" >\n\t<div class=\"eltdf-st-inner\">\n\t\t\t\t\t<h3 class=\"eltdf-st-title\" style=\"color: #0062ff\">\n\t\t\t\tAbout\t\t\t<\/h3>\n\t\t\t\t\t<\/div>\n<\/div><div class=\"vc_empty_space\"   style=\"height: 9px\"><span class=\"vc_empty_space_inner\"><\/span><\/div>\n\t<div class=\"wpb_text_column wpb_content_element\" >\n\t\t<div class=\"wpb_wrapper\">\n\t\t\t<h5 class=\"p1\"><span class=\"s1\">I am Clara Dupuy, <\/span><span class=\"s1\">graphic designer for animal welfare and environment sectors.<\/span><span class=\"s1\">. <\/span><\/h5>\n<p><span style=\"font-weight: 400;\">My mission is to accompany you in the realisation of your projects by taking them to the highest level.\u00a0<\/span><\/p>\n\n\t\t<\/div>\n\t<\/div>\n<div class=\"vc_empty_space\"   style=\"height: 46px\"><span class=\"vc_empty_space_inner\"><\/span><\/div><a itemprop=\"url\" href=\"https:\/\/www.cocktail-studio.com\/en\/contact\/\" target=\"_self\" style=\"color: #0062ff;background-color: #ffffff;font-size: 17px;font-weight: 700;text-transform: none\" class=\"eltdf-btn eltdf-btn-medium eltdf-btn-solid eltdf-btn-custom-hover-bg eltdf-btn-custom-hover-color eltdf-dir-aware-hover\" data-hover-color=\"#ffffff\" data-hover-bg-color=\"#0062ff\" >\n    <span class=\"eltdf-btn-text\">Ask for a quote<\/span>\n            \t<span class=\"eltdf-btn-background-holder\">\n\t\t    <span class=\"eltdf-btn-background\"><\/span>\n\t   <\/span>\n    <\/a>\t\t<\/div>\n\t<\/div>\n<\/div><\/div><\/div><\/div><\/div><div class=\"wpb_column vc_column_container vc_col-sm-6\"><div class=\"vc_column-inner\"><div class=\"wpb_wrapper\"><div class=\"eltdf-elements-holder   eltdf-one-column  eltdf-responsive-mode-768\" ><div class=\"eltdf-eh-item   eltdf-horizontal-alignment-center\"  data-item-class=\"eltdf-eh-custom-4331\">\n\t<div class=\"eltdf-eh-item-inner\">\n\t\t<div class=\"eltdf-eh-item-content eltdf-eh-custom-4331\" >\n\t\t\t\n\t<div  class=\"wpb_single_image wpb_content_element vc_align_center\">\n\t\t\n\t\t<figure class=\"wpb_wrapper vc_figure\">\n\t\t\t<div class=\"vc_single_image-wrapper vc_box_circle  vc_box_border_grey\"><img width=\"300\" height=\"300\" src=\"https:\/\/www.cocktail-studio.com\/wp-content\/uploads\/2026\/04\/profil-clara-dupuy2-300x300.jpg\" class=\"vc_single_image-img attachment-medium\" alt=\"\" decoding=\"async\" loading=\"lazy\" srcset=\"https:\/\/www.cocktail-studio.com\/wp-content\/uploads\/2026\/04\/profil-clara-dupuy2-300x300.jpg 300w, https:\/\/www.cocktail-studio.com\/wp-content\/uploads\/2026\/04\/profil-clara-dupuy2-1024x1024.jpg 1024w, https:\/\/www.cocktail-studio.com\/wp-content\/uploads\/2026\/04\/profil-clara-dupuy2-150x150.jpg 150w, https:\/\/www.cocktail-studio.com\/wp-content\/uploads\/2026\/04\/profil-clara-dupuy2-768x768.jpg 768w, https:\/\/www.cocktail-studio.com\/wp-content\/uploads\/2026\/04\/profil-clara-dupuy2-1536x1536.jpg 1536w, https:\/\/www.cocktail-studio.com\/wp-content\/uploads\/2026\/04\/profil-clara-dupuy2-12x12.jpg 12w, https:\/\/www.cocktail-studio.com\/wp-content\/uploads\/2026\/04\/profil-clara-dupuy2-550x550.jpg 550w, https:\/\/www.cocktail-studio.com\/wp-content\/uploads\/2026\/04\/profil-clara-dupuy2-1100x1100.jpg 1100w\" sizes=\"(max-width: 300px) 100vw, 300px\" \/><\/div>\n\t\t<\/figure>\n\t<\/div>\n\t\t<\/div>\n\t<\/div>\n<\/div><\/div><\/div><\/div><\/div><\/div><\/div><\/div><div class=\"eltdf-row-grid-section-wrapper\"  ><div class=\"eltdf-row-grid-section\"><div class=\"vc_row wpb_row vc_row-fluid vc_custom_1643824090924 vc_column-gap-30 vc_row-o-equal-height vc_row-o-content-top vc_row-flex\" ><div class=\"wpb_column vc_column_container vc_col-sm-6\"><div class=\"vc_column-inner\"><div class=\"wpb_wrapper\"><div class=\"eltdf-elements-holder   eltdf-two-columns  eltdf-responsive-mode-768\" ><div class=\"eltdf-eh-item\"  data-item-class=\"eltdf-eh-custom-6308\">\n\t<div class=\"eltdf-eh-item-inner\">\n\t\t<div class=\"eltdf-eh-item-content eltdf-eh-custom-6308\" >\n\t\t\t\n\t<div class=\"wpb_text_column wpb_content_element\" >\n\t\t<div class=\"wpb_wrapper\">\n\t\t\t<h6><strong>Why call on my services<\/strong><\/h6>\n<p><span style=\"font-weight: 400;\">I know this field, being vegan myself and involved in animal welfare. You will have a competent and friendly (well... that's what they say about me \ud83d\ude42 ) graphic designer dedicated to your project.\u00a0<\/span><\/p>\n<p><span style=\"font-weight: 400;\">Also, being a freelance allows me to adapt to your availability and budget. I will be your only interlocutor, even if I have to collaborate with other professionals.<\/span><\/p>\n\n\t\t<\/div>\n\t<\/div>\n\t\t<\/div>\n\t<\/div>\n<\/div><\/div><\/div><\/div><\/div><div class=\"wpb_column vc_column_container vc_col-sm-6\"><div class=\"vc_column-inner\"><div class=\"wpb_wrapper\"><div class=\"eltdf-elements-holder   eltdf-one-column  eltdf-responsive-mode-768\" ><div class=\"eltdf-eh-item\"  data-item-class=\"eltdf-eh-custom-3811\">\n\t<div class=\"eltdf-eh-item-inner\">\n\t\t<div class=\"eltdf-eh-item-content eltdf-eh-custom-3811\" >\n\t\t\t\n\t<div class=\"wpb_text_column wpb_content_element\" >\n\t\t<div class=\"wpb_wrapper\">\n\t\t\t<h6><strong>Why (re)create your visual identity and your website?<\/strong><\/h6>\n<p><span style=\"font-weight: 400;\">there are several reasons for this:<br \/>\nBe unique and stand out from your competitors<br \/>\n<\/span><span style=\"font-weight: 400;\">To have a very professional image, which inspires trust in your customers<br \/>\n<\/span><span style=\"font-weight: 400;\">Generate more visitors and\/or sales, increase your number of customers<br \/>\n<\/span><span style=\"font-weight: 400;\">Improve your notoriety<\/span><\/p>\n\n\t\t<\/div>\n\t<\/div>\n\t\t<\/div>\n\t<\/div>\n<\/div><\/div><\/div><\/div><\/div><\/div><\/div><\/div><div class=\"eltdf-row-grid-section-wrapper\"  ><div class=\"eltdf-row-grid-section\"><div class=\"vc_row wpb_row vc_row-fluid vc_column-gap-30 vc_row-o-equal-height vc_row-o-content-top vc_row-flex\" ><div class=\"wpb_column vc_column_container vc_col-sm-6\"><div class=\"vc_column-inner\"><div class=\"wpb_wrapper\"><div class=\"eltdf-elements-holder   eltdf-two-columns  eltdf-responsive-mode-768\" ><div class=\"eltdf-eh-item\"  data-item-class=\"eltdf-eh-custom-8056\">\n\t<div class=\"eltdf-eh-item-inner\">\n\t\t<div class=\"eltdf-eh-item-content eltdf-eh-custom-8056\" >\n\t\t\t<div class=\"vc_empty_space\"   style=\"height: 46px\"><span class=\"vc_empty_space_inner\"><\/span><\/div><div class=\"vc_separator wpb_content_element vc_separator_align_center vc_sep_width_100 vc_sep_pos_align_center vc_separator_no_text  wpb_animate_when_almost_visible wpb_fadeInDown fadeInDown wpb_animate_when_almost_visible wpb_fadeInDown fadeInDown\" ><span class=\"vc_sep_holder vc_sep_holder_l\"><span  style=\"border-color:#0021b5;\" class=\"vc_sep_line\"><\/span><\/span><span class=\"vc_sep_holder vc_sep_holder_r\"><span  style=\"border-color:#0021b5;\" class=\"vc_sep_line\"><\/span><\/span>\n<\/div>\n\t<div class=\"wpb_text_column wpb_content_element  vc_custom_1643792470101\" >\n\t\t<div class=\"wpb_wrapper\">\n\t\t\t<h5 style=\"text-align: center; color: #0021b5;\">A BIG thanks for their trust<\/h5>\n\n\t\t<\/div>\n\t<\/div>\n<div class=\"eltdf-testimonials-holder clearfix eltdf-testimonials-standard\">\n    <div class=\"eltdf-testimonials eltdf-owl-slider\" data-number-of-items=\"1\" data-enable-loop=\"yes\" data-enable-autoplay=\"yes\" data-slider-speed=\"10000\" data-slider-speed-animation=\"600\" data-enable-navigation=\"no\" data-enable-pagination=\"yes\" >\n\n    \n            <div class=\"eltdf-testimonial-content\" id=\"eltdf-testimonials-6361\">\n                <div class=\"eltdf-testimonial-text-holder\">\n                                                                <p class=\"eltdf-testimonial-text\">Clara est une superbe graphiste. Elle rend un travail de qualit\u00e9 et est tr\u00e8s patiente. Elle travaille en rapidit\u00e9 et efficacit\u00e9. Je la remercie encore une fois pour ses comp\u00e9tences et sa patience<\/p>\n                                                                <p class=\"eltdf-testimonial-author\">\n                            <span class=\"eltdf-testimonials-author-name\">Valentine<\/span>\n                                                            <span class=\"eltdf-testimonials-author-job\">BIODERMA, NAOS<\/span>\n                                                    <\/p>\n                                    <\/div>\n                            <\/div>\n\n    \n            <div class=\"eltdf-testimonial-content\" id=\"eltdf-testimonials-6360\">\n                <div class=\"eltdf-testimonial-text-holder\">\n                                                                <p class=\"eltdf-testimonial-text\">Merci Clara pour cette chouette Brochure. Le brief a bien \u00e9t\u00e9 respect\u00e9 et tes cr\u00e9ations sont toujours top ! Un vrai travail de professionnel !<\/p>\n                                                                <p class=\"eltdf-testimonial-author\">\n                            <span class=\"eltdf-testimonials-author-name\">Valentine<\/span>\n                                                            <span class=\"eltdf-testimonials-author-job\">BIODERMA, NAOS<\/span>\n                                                    <\/p>\n                                    <\/div>\n                            <\/div>\n\n    \n            <div class=\"eltdf-testimonial-content\" id=\"eltdf-testimonials-6224\">\n                <div class=\"eltdf-testimonial-text-holder\">\n                                                                <p class=\"eltdf-testimonial-text\">1st mission went very well. Fast, efficient and in a good atmosphere. I entrusted him with a 2nd mission right afterwards<\/p>\n                                                                <p class=\"eltdf-testimonial-author\">\n                            <span class=\"eltdf-testimonials-author-name\">Sophie<\/span>\n                                                            <span class=\"eltdf-testimonials-author-job\">ROCHE DIABETES CARE FRANCE<\/span>\n                                                    <\/p>\n                                    <\/div>\n                            <\/div>\n\n    \n            <div class=\"eltdf-testimonial-content\" id=\"eltdf-testimonials-6223\">\n                <div class=\"eltdf-testimonial-text-holder\">\n                                                                <p class=\"eltdf-testimonial-text\">Superbly managed project, from the briefing to the rendering and with a lot of creativity, efficiency and on time! Thank you!<\/p>\n                                                                <p class=\"eltdf-testimonial-author\">\n                            <span class=\"eltdf-testimonials-author-name\">Oliver<\/span>\n                                                            <span class=\"eltdf-testimonials-author-job\">CTN GROUPE<\/span>\n                                                    <\/p>\n                                    <\/div>\n                            <\/div>\n\n    \n            <div class=\"eltdf-testimonial-content\" id=\"eltdf-testimonials-5456\">\n                <div class=\"eltdf-testimonial-text-holder\">\n                                                                <p class=\"eltdf-testimonial-text\">Once again, we are very satisfied with Clara's work, who showed creativity and reactivity during the mission. We are delighted with the result!<\/p>\n                                                                <p class=\"eltdf-testimonial-author\">\n                            <span class=\"eltdf-testimonials-author-name\">Maureen<\/span>\n                                                            <span class=\"eltdf-testimonials-author-job\">ROCHE DIABETES CARE FRANCE<\/span>\n                                                    <\/p>\n                                    <\/div>\n                            <\/div>\n\n    \n            <div class=\"eltdf-testimonial-content\" id=\"eltdf-testimonials-487\">\n                <div class=\"eltdf-testimonial-text-holder\">\n                                                                <p class=\"eltdf-testimonial-text\">Clara has shown her ability to adapt in a short time and in an environment that she did not know, of creativity, of efficiency for a very satisfactory result. I recommend her.<\/p>\n                                                                <p class=\"eltdf-testimonial-author\">\n                            <span class=\"eltdf-testimonials-author-name\">Laurent<\/span>\n                                                            <span class=\"eltdf-testimonials-author-job\">DIRKOM<\/span>\n                                                    <\/p>\n                                    <\/div>\n                            <\/div>\n\n    \n            <div class=\"eltdf-testimonial-content\" id=\"eltdf-testimonials-486\">\n                <div class=\"eltdf-testimonial-text-holder\">\n                                                                <p class=\"eltdf-testimonial-text\">Thank you for your creativity and responsiveness on our project to create a document on safety in the company. We are very satisfied<\/p>\n                                                                <p class=\"eltdf-testimonial-author\">\n                            <span class=\"eltdf-testimonials-author-name\">St\u00e9phanie<\/span>\n                                                            <span class=\"eltdf-testimonials-author-job\">ROCHE DIABETES CARE FRANCE<\/span>\n                                                    <\/p>\n                                    <\/div>\n                            <\/div>\n\n    \n            <div class=\"eltdf-testimonial-content\" id=\"eltdf-testimonials-485\">\n                <div class=\"eltdf-testimonial-text-holder\">\n                                                                <p class=\"eltdf-testimonial-text\">We worked with Clara for the \"Fly for the Earth\" project. From the beginning we were amazed by her professionalism and her attention to detail in meeting our needs. Her talents allowed us to have a brand image, with professional documents and a website! Call on her for all these works, you won't regret it!<\/p>\n                                                                <p class=\"eltdf-testimonial-author\">\n                            <span class=\"eltdf-testimonials-author-name\">Nicolas Plain<\/span>\n                                                            <span class=\"eltdf-testimonials-author-job\">En l&#039;air pour la terre<\/span>\n                                                    <\/p>\n                                    <\/div>\n                            <\/div>\n\n    \n    <\/div>\n<\/div>\t\t<\/div>\n\t<\/div>\n<\/div><\/div><\/div><\/div><\/div><div class=\"wpb_column vc_column_container vc_col-sm-6\"><div class=\"vc_column-inner\"><div class=\"wpb_wrapper\"><div class=\"eltdf-elements-holder   eltdf-one-column  eltdf-responsive-mode-768\" ><div class=\"eltdf-eh-item\"  data-item-class=\"eltdf-eh-custom-5231\">\n\t<div class=\"eltdf-eh-item-inner\">\n\t\t<div class=\"eltdf-eh-item-content eltdf-eh-custom-5231\" >\n\t\t\t<div class=\"vc_empty_space\"   style=\"height: 46px\"><span class=\"vc_empty_space_inner\"><\/span><\/div>\n\t<div  class=\"wpb_single_image wpb_content_element vc_align_left\">\n\t\t\n\t\t<figure class=\"wpb_wrapper vc_figure\">\n\t\t\t<div class=\"vc_single_image-wrapper   vc_box_border_grey\"><img width=\"500\" height=\"334\" src=\"https:\/\/www.cocktail-studio.com\/wp-content\/uploads\/2020\/11\/illu8.jpg\" class=\"vc_single_image-img attachment-full\" alt=\"\" decoding=\"async\" loading=\"lazy\" srcset=\"https:\/\/www.cocktail-studio.com\/wp-content\/uploads\/2020\/11\/illu8.jpg 500w, https:\/\/www.cocktail-studio.com\/wp-content\/uploads\/2020\/11\/illu8-300x200.jpg 300w\" sizes=\"(max-width: 500px) 100vw, 500px\" \/><\/div>\n\t\t<\/figure>\n\t<\/div>\n<div class=\"vc_empty_space\"   style=\"height: 46px\"><span class=\"vc_empty_space_inner\"><\/span><\/div>\t\t<\/div>\n\t<\/div>\n<\/div><\/div><\/div><\/div><\/div><\/div><\/div><\/div><div class=\"vc_row wpb_row vc_row-fluid\" ><div class=\"wpb_column vc_column_container vc_col-sm-12\"><div class=\"vc_column-inner\"><div class=\"wpb_wrapper\"><div class=\"vc_empty_space\"   style=\"height: 100px\"><span class=\"vc_empty_space_inner\"><\/span><\/div><\/div><\/div><\/div><\/div>","protected":false},"excerpt":{"rendered":"","protected":false},"author":1,"featured_media":0,"parent":0,"menu_order":0,"comment_status":"closed","ping_status":"closed","template":"","meta":{"_monsterinsights_skip_tracking":false,"_monsterinsights_sitenote_active":false,"_monsterinsights_sitenote_note":"","_monsterinsights_sitenote_category":0},"_links":{"self":[{"href":"https:\/\/www.cocktail-studio.com\/en\/wp-json\/wp\/v2\/pages\/881"}],"collection":[{"href":"https:\/\/www.cocktail-studio.com\/en\/wp-json\/wp\/v2\/pages"}],"about":[{"href":"https:\/\/www.cocktail-studio.com\/en\/wp-json\/wp\/v2\/types\/page"}],"author":[{"embeddable":true,"href":"https:\/\/www.cocktail-studio.com\/en\/wp-json\/wp\/v2\/users\/1"}],"replies":[{"embeddable":true,"href":"https:\/\/www.cocktail-studio.com\/en\/wp-json\/wp\/v2\/comments?post=881"}],"version-history":[{"count":69,"href":"https:\/\/www.cocktail-studio.com\/en\/wp-json\/wp\/v2\/pages\/881\/revisions"}],"predecessor-version":[{"id":6409,"href":"https:\/\/www.cocktail-studio.com\/en\/wp-json\/wp\/v2\/pages\/881\/revisions\/6409"}],"wp:attachment":[{"href":"https:\/\/www.cocktail-studio.com\/en\/wp-json\/wp\/v2\/media?parent=881"}],"curies":[{"name":"wp","href":"https:\/\/api.w.org\/{rel}","templated":true}]}}