{"id":6198,"date":"2022-02-01T10:39:24","date_gmt":"2022-02-01T09:39:24","guid":{"rendered":"https:\/\/www.cocktail-studio.com\/?page_id=6198"},"modified":"2022-02-02T18:31:26","modified_gmt":"2022-02-02T17:31:26","slug":"contact","status":"publish","type":"page","link":"https:\/\/www.cocktail-studio.com\/en\/contact\/","title":{"rendered":"Contact"},"content":{"rendered":"<div class=\"vc_row wpb_row vc_row-fluid\" ><div class=\"wpb_column vc_column_container vc_col-sm-12\"><div class=\"vc_column-inner\"><div class=\"wpb_wrapper\"><div class=\"vc_empty_space\"   style=\"height: 50px\"><span class=\"vc_empty_space_inner\"><\/span><\/div><\/div><\/div><\/div><\/div><div class=\"eltdf-row-grid-section-wrapper\"  ><div class=\"eltdf-row-grid-section\"><div class=\"vc_row wpb_row vc_row-fluid wpb_animate_when_almost_visible wpb_fadeIn fadeIn vc_column-gap-30 vc_row-o-equal-height vc_row-flex\" ><div class=\"wpb_column vc_column_container vc_col-sm-6\"><div class=\"vc_column-inner\"><div class=\"wpb_wrapper\"><div class=\"eltdf-elements-holder   eltdf-two-columns  eltdf-responsive-mode-768\" ><div class=\"eltdf-eh-item\"  data-item-class=\"eltdf-eh-custom-5248\" data-animation-delay=\"800\" data-1367-1600=\"0px 40px 0px 40px\" data-1025-1366=\"0px 20px 0px 20px\" data-769-1024=\"0px 10px 0px 10px\" data-681-768=\"0px 10px 0px 10px\" data-680=\"0px 10px 0px 10px\">\n\t<div class=\"eltdf-eh-item-inner\">\n\t\t<div class=\"eltdf-eh-item-content eltdf-eh-custom-5248\" >\n\t\t\t\n\t<div class=\"wpb_text_column wpb_content_element\" >\n\t\t<div class=\"wpb_wrapper\">\n\t\t\t<h3><img decoding=\"async\" loading=\"lazy\" class=\"wp-image-5958 alignnone\" src=\"https:\/\/www.cocktail-studio.com\/wp-content\/uploads\/2020\/11\/illu6-petite.jpg\" alt=\"\" width=\"91\" height=\"89\" \/><\/h3>\n<h3 style=\"color: #0021b5;\">Tell me more about <strong style=\"color: #df3d5d;\">your project!<\/strong><\/h3>\n\n\t\t<\/div>\n\t<\/div>\n\n\t<div class=\"wpb_text_column wpb_content_element\" >\n\t\t<div class=\"wpb_wrapper\">\n\t\t\t<p>Don't hesitate to contact me:<\/p>\n<p><strong>C.<\/strong> +33 6 04 49 94 75<br \/>\n<strong>E-mail :<\/strong> <a href=\"mailto:clara@cocktail-studio.com\">clara@cocktail-studio.com<\/a><\/p>\n<p>Clara Dupuy,<br \/>\nFreelance Graphic Designer and Creative Director<\/p>\n<p><strong><img decoding=\"async\" loading=\"lazy\" class=\"wp-image-5832 alignnone\" src=\"https:\/\/www.cocktail-studio.com\/wp-content\/uploads\/2020\/11\/illu5.jpg\" alt=\"\" width=\"395\" height=\"146\" srcset=\"https:\/\/www.cocktail-studio.com\/wp-content\/uploads\/2020\/11\/illu5.jpg 1000w, https:\/\/www.cocktail-studio.com\/wp-content\/uploads\/2020\/11\/illu5-300x111.jpg 300w, https:\/\/www.cocktail-studio.com\/wp-content\/uploads\/2020\/11\/illu5-768x285.jpg 768w\" sizes=\"(max-width: 395px) 100vw, 395px\" \/><\/strong><\/p>\n\n\t\t<\/div>\n\t<\/div>\n\n\t<div class=\"wpb_text_column wpb_content_element  vc_custom_1643720766630\" >\n\t\t<div class=\"wpb_wrapper\">\n\t\t\t<p style=\"color: #0021b5;\">Freelancers looking for a cool collaboration?<br \/>\nDon't hesitate to contact me \ud83d\ude00<\/p>\n\n\t\t<\/div>\n\t<\/div>\n\t\t<\/div>\n\t<\/div>\n<\/div><\/div><\/div><\/div><\/div><div class=\"wpb_column vc_column_container vc_col-sm-6\"><div class=\"vc_column-inner\"><div class=\"wpb_wrapper\"><div class=\"eltdf-elements-holder   eltdf-one-column  eltdf-responsive-mode-768\" ><div class=\"eltdf-eh-item    eltdf-element-from-right\"  data-item-class=\"eltdf-eh-custom-1926\" data-animation=\"eltdf-element-from-right\" data-animation-delay=\"800\" data-1367-1600=\"0px 40px 0px 40px\" data-1025-1366=\"0px 20px 0px 20px\" data-769-1024=\"0px 10px 0px 10px\" data-681-768=\"0px 10px 0px 10px\" data-680=\"0px 10px 0px 10px\">\n\t<div class=\"eltdf-eh-item-inner\">\n\t\t<div class=\"eltdf-eh-item-content eltdf-eh-custom-1926\" >\n\t\t\t\n\t<div class=\"wpb_text_column wpb_content_element\" >\n\t\t<div class=\"wpb_wrapper\">\n\t\t\t<h5 style=\"color: #0021b5;\">Request for quote:<\/h5>\n\n\t\t<\/div>\n\t<\/div>\n<div class=\"vc_empty_space\"   style=\"height: 32px\"><span class=\"vc_empty_space_inner\"><\/span><\/div>\n<div class=\"wpcf7 no-js\" id=\"wpcf7-f6193-o1\" lang=\"fr-FR\" dir=\"ltr\">\n<div class=\"screen-reader-response\"><p role=\"status\" aria-live=\"polite\" aria-atomic=\"true\"><\/p> <ul><\/ul><\/div>\n<form action=\"\/en\/wp-json\/wp\/v2\/pages\/6198#wpcf7-f6193-o1\" method=\"post\" class=\"wpcf7-form init\" aria-label=\"Formulaire de contact\" novalidate=\"novalidate\" data-status=\"init\" data-trp-original-action=\"\/en\/wp-json\/wp\/v2\/pages\/6198#wpcf7-f6193-o1\">\n<div style=\"display: none;\">\n<input type=\"hidden\" name=\"_wpcf7\" value=\"6193\" \/>\n<input type=\"hidden\" name=\"_wpcf7_version\" value=\"5.8.7\" \/>\n<input type=\"hidden\" name=\"_wpcf7_locale\" value=\"fr_FR\" \/>\n<input type=\"hidden\" name=\"_wpcf7_unit_tag\" value=\"wpcf7-f6193-o1\" \/>\n<input type=\"hidden\" name=\"_wpcf7_container_post\" value=\"0\" \/>\n<input type=\"hidden\" name=\"_wpcf7_posted_data_hash\" value=\"\" \/>\n<input type=\"hidden\" name=\"_wpcf7_recaptcha_response\" value=\"\" \/>\n<\/div>\n<div class=\"eltdf-grid-small-gutter\">\n\t<div class=\"eltdf-grid-col-6\">\n\t\t<p><span class=\"wpcf7-form-control-wrap\" data-name=\"your-name\"><input size=\"40\" class=\"wpcf7-form-control wpcf7-text wpcf7-validates-as-required\" aria-required=\"true\" aria-invalid=\"false\" placeholder=\"Name and Firstname\" value=\"\" type=\"text\" name=\"your-name\" \/><\/span>\n\t\t<\/p>\n\t<\/div>\n\t<div class=\"eltdf-grid-col-6\">\n\t\t<p><span class=\"wpcf7-form-control-wrap\" data-name=\"text-649\"><input size=\"40\" class=\"wpcf7-form-control wpcf7-text wpcf7-validates-as-required\" aria-required=\"true\" aria-invalid=\"false\" placeholder=\"Name of your company (or project)\" value=\"\" type=\"text\" name=\"text-649\" \/><\/span>\n\t\t<\/p>\n\t<\/div>\n\t<div class=\"eltdf-grid-col-6\">\n\t\t<p><span class=\"wpcf7-form-control-wrap\" data-name=\"your-email\"><input size=\"40\" class=\"wpcf7-form-control wpcf7-email wpcf7-validates-as-required wpcf7-text wpcf7-validates-as-email\" aria-required=\"true\" aria-invalid=\"false\" placeholder=\"Your e-mail\" value=\"\" type=\"email\" name=\"your-email\" \/><\/span>\n\t\t<\/p>\n\t<\/div>\n\t<div class=\"eltdf-grid-col-6\">\n\t\t<p><span class=\"wpcf7-form-control-wrap\" data-name=\"tel-328\"><input size=\"40\" class=\"wpcf7-form-control wpcf7-tel wpcf7-validates-as-required wpcf7-text wpcf7-validates-as-tel\" aria-required=\"true\" aria-invalid=\"false\" placeholder=\"Your phone\" value=\"\" type=\"tel\" name=\"tel-328\" \/><\/span>\n\t\t<\/p>\n\t<\/div>\n\t<div class=\"eltdf-grid-col-12\">\n\t\t<p><span class=\"wpcf7-form-control-wrap\" data-name=\"menu-878\"><select class=\"wpcf7-form-control wpcf7-select wpcf7-validates-as-required\" aria-required=\"true\" aria-invalid=\"false\" name=\"menu-878\"><option value=\"Votre secteur\">Your business sector<\/option><option value=\"V\u00e9t\u00e9rinaire\">Vet<\/option><option value=\"Soins animaliers (kin\u00e9sith\u00e9rapeutes, ost\u00e9opathes...)\">Animal care (physiotherapists, osteopaths...)<\/option><option value=\"Restauration, alimentation\">Catering, food<\/option><option value=\"Cosm\u00e9tique\">Cosmetic<\/option><option value=\"Textile (chaussures, v\u00eatements)\">Textile (shoes, clothing)<\/option><option value=\"Environnement\">Environment<\/option><option value=\"Toiletteur canin (ou autres animaux)\">Dog grooming (or other animals)<\/option><option value=\"Pet sitting\">Pet sitting<\/option><option value=\"Startup (en lien avec le bien-\u00eatre animal)\">Startup (related to animal welfare)<\/option><option value=\"Association\/refuge\">Association, animal shelter<\/option><option value=\"Autre\">Other<\/option><\/select><\/span>\n\t\t<\/p>\n\t<\/div>\n\t<div class=\"eltdf-grid-col-12\">\n\t\t<p>Your needs\n\t\t<\/p>\n\t\t<p><span class=\"wpcf7-form-control-wrap\" data-name=\"checkbox-320\"><span class=\"wpcf7-form-control wpcf7-checkbox wpcf7-validates-as-required\"><span class=\"wpcf7-list-item first\"><label><input type=\"checkbox\" name=\"checkbox-320[]\" value=\"Nouveau logo\" \/><span class=\"wpcf7-list-item-label\">New logo<\/span><\/label><\/span><span class=\"wpcf7-list-item\"><label><input type=\"checkbox\" name=\"checkbox-320[]\" value=\"Charte graphique\" \/><span class=\"wpcf7-list-item-label\">Charte graphique<\/span><\/label><\/span><span class=\"wpcf7-list-item\"><label><input type=\"checkbox\" name=\"checkbox-320[]\" value=\"Identit\u00e9 visuelle\" \/><span class=\"wpcf7-list-item-label\">Visual Identity<\/span><\/label><\/span><span class=\"wpcf7-list-item\"><label><input type=\"checkbox\" name=\"checkbox-320[]\" value=\"Site web : vitrine\" \/><span class=\"wpcf7-list-item-label\">Website<\/span><\/label><\/span><span class=\"wpcf7-list-item\"><label><input type=\"checkbox\" name=\"checkbox-320[]\" value=\"Site web : e-commerce\" \/><span class=\"wpcf7-list-item-label\">E-commerce website<\/span><\/label><\/span><span class=\"wpcf7-list-item\"><label><input type=\"checkbox\" name=\"checkbox-320[]\" value=\"Application mobile\" \/><span class=\"wpcf7-list-item-label\">Mobile app<\/span><\/label><\/span><span class=\"wpcf7-list-item\"><label><input type=\"checkbox\" name=\"checkbox-320[]\" value=\"Illustration\" \/><span class=\"wpcf7-list-item-label\">Illustration<\/span><\/label><\/span><span class=\"wpcf7-list-item\"><label><input type=\"checkbox\" name=\"checkbox-320[]\" value=\"Mise en page de documents\" \/><span class=\"wpcf7-list-item-label\">Documents layout<\/span><\/label><\/span><span class=\"wpcf7-list-item\"><label><input type=\"checkbox\" name=\"checkbox-320[]\" value=\"Autre(s)\" \/><span class=\"wpcf7-list-item-label\">Other(s)<\/span><\/label><\/span><span class=\"wpcf7-list-item last\"><label><input type=\"checkbox\" name=\"checkbox-320[]\" value=\"Je ne sais pas, j\u2019ai besoin d\u2019aide pour les d\u00e9terminer\" \/><span class=\"wpcf7-list-item-label\">I don't know, I need help to determine them<\/span><\/label><\/span><\/span><\/span>\n\t\t<\/p>\n\t<\/div>\n\t<div class=\"eltdf-grid-col-6\">\n\t\t<p><span class=\"wpcf7-form-control-wrap\" data-name=\"Votrebudgetmax\"><input class=\"wpcf7-form-control wpcf7-number wpcf7-validates-as-required wpcf7-validates-as-number\" aria-required=\"true\" aria-invalid=\"false\" placeholder=\"Your max. budget\" value=\"\" type=\"number\" name=\"Votrebudgetmax\" \/><\/span>\n\t\t<\/p>\n\t<\/div>\n\t<div class=\"eltdf-grid-col-12\">\n\t\t<p><span class=\"wpcf7-form-control-wrap\" data-name=\"your-message\"><textarea cols=\"40\" rows=\"4\" class=\"wpcf7-form-control wpcf7-textarea\" aria-invalid=\"false\" placeholder=\"Do you have any other details or clarifications to add for a better price estimate?\" name=\"your-message\"><\/textarea><\/span>\n\t\t<\/p>\n\t<\/div>\n\t<div class=\"eltdf-grid-col-6\">\n\t\t<p>Ideally, when would you like the project to be finished?\n\t\t<\/p>\n\t\t<p><span class=\"wpcf7-form-control-wrap\" data-name=\"date-903\"><input class=\"wpcf7-form-control wpcf7-date wpcf7-validates-as-date\" aria-invalid=\"false\" value=\"\" type=\"date\" name=\"date-903\" \/><\/span>\n\t\t<\/p>\n\t<\/div>\n\t<div class=\"eltdf-grid-col-12\">\n\t\t<p>I want an answer by\n\t\t<\/p>\n\t\t<p><span class=\"wpcf7-form-control-wrap\" data-name=\"radio-591\"><span class=\"wpcf7-form-control wpcf7-radio\"><span class=\"wpcf7-list-item first\"><label><input type=\"radio\" name=\"radio-591\" value=\"E-mail\" checked=\"checked\" \/><span class=\"wpcf7-list-item-label\">E-mail<\/span><\/label><\/span><span class=\"wpcf7-list-item last\"><label><input type=\"radio\" name=\"radio-591\" value=\"T\u00e9l\u00e9phone\" \/><span class=\"wpcf7-list-item-label\">Phone<\/span><\/label><\/span><\/span><\/span>\n\t\t<\/p>\n\t<\/div>\n\t<div class=\"eltdf-grid-col-12\">\n\t\t<p><input class=\"wpcf7-form-control wpcf7-submit has-spinner eltdf-cf7-hover\" type=\"submit\" value=\"Send\" \/>\n\t\t<\/p>\n\t\t<p>(you will receive an answer within 24 hours).\n\t\t<\/p>\n\t<\/div>\n<\/div><p style=\"display: none !important;\" class=\"akismet-fields-container\" data-prefix=\"_wpcf7_ak_\"><label>&#916;<textarea name=\"_wpcf7_ak_hp_textarea\" cols=\"45\" rows=\"8\" maxlength=\"100\"><\/textarea><\/label><input type=\"hidden\" id=\"ak_js_1\" name=\"_wpcf7_ak_js\" value=\"32\"\/><script type=\"text\/javascript\">\ndocument.getElementById( \"ak_js_1\" ).setAttribute( \"value\", ( new Date() ).getTime() );\n<\/script>\n<\/p><div class=\"wpcf7-response-output\" aria-hidden=\"true\"><\/div>\n<input type=\"hidden\" name=\"trp-form-language\" value=\"en\"\/><\/form>\n<\/div>\n\t\t<\/div>\n\t<\/div>\n<\/div><\/div><\/div><\/div><\/div><\/div><\/div><\/div><div class=\"vc_row wpb_row vc_row-fluid\" ><div class=\"wpb_column vc_column_container vc_col-sm-12\"><div class=\"vc_column-inner\"><div class=\"wpb_wrapper\"><div class=\"vc_empty_space\"   style=\"height: 100px\"><span class=\"vc_empty_space_inner\"><\/span><\/div><\/div><\/div><\/div><\/div>","protected":false},"excerpt":{"rendered":"Dites m'en plus sur votre projet ! N'h\u00e9sitez [...]","protected":false},"author":1,"featured_media":0,"parent":0,"menu_order":0,"comment_status":"closed","ping_status":"closed","template":"","meta":{"_monsterinsights_skip_tracking":false,"_monsterinsights_sitenote_active":false,"_monsterinsights_sitenote_note":"","_monsterinsights_sitenote_category":0},"_links":{"self":[{"href":"https:\/\/www.cocktail-studio.com\/en\/wp-json\/wp\/v2\/pages\/6198"}],"collection":[{"href":"https:\/\/www.cocktail-studio.com\/en\/wp-json\/wp\/v2\/pages"}],"about":[{"href":"https:\/\/www.cocktail-studio.com\/en\/wp-json\/wp\/v2\/types\/page"}],"author":[{"embeddable":true,"href":"https:\/\/www.cocktail-studio.com\/en\/wp-json\/wp\/v2\/users\/1"}],"replies":[{"embeddable":true,"href":"https:\/\/www.cocktail-studio.com\/en\/wp-json\/wp\/v2\/comments?post=6198"}],"version-history":[{"count":23,"href":"https:\/\/www.cocktail-studio.com\/en\/wp-json\/wp\/v2\/pages\/6198\/revisions"}],"predecessor-version":[{"id":6314,"href":"https:\/\/www.cocktail-studio.com\/en\/wp-json\/wp\/v2\/pages\/6198\/revisions\/6314"}],"wp:attachment":[{"href":"https:\/\/www.cocktail-studio.com\/en\/wp-json\/wp\/v2\/media?parent=6198"}],"curies":[{"name":"wp","href":"https:\/\/api.w.org\/{rel}","templated":true}]}}