{"id":5390,"date":"2020-05-05T14:48:11","date_gmt":"2020-05-05T12:48:11","guid":{"rendered":"https:\/\/www.cocktail-studio.com\/?page_id=5390"},"modified":"2022-03-22T14:29:37","modified_gmt":"2022-03-22T13:29:37","slug":"blog","status":"publish","type":"page","link":"https:\/\/www.cocktail-studio.com\/en\/blog\/","title":{"rendered":"Blog"},"content":{"rendered":"<div class=\"eltdf-row-grid-section-wrapper\"  ><div class=\"eltdf-row-grid-section\"><div class=\"vc_row wpb_row vc_row-fluid\" ><div class=\"wpb_column vc_column_container vc_col-sm-12\"><div class=\"vc_column-inner\"><div class=\"wpb_wrapper\"><div class=\"eltdf-elements-holder   eltdf-one-column  eltdf-responsive-mode-768\" ><div class=\"eltdf-eh-item\"  data-item-class=\"eltdf-eh-custom-4421\">\n\t<div class=\"eltdf-eh-item-inner\">\n\t\t<div class=\"eltdf-eh-item-content eltdf-eh-custom-4421\" >\n\t\t\t<div class=\"eltdf-blog-list-holder eltdf-grid-list eltdf-disable-bottom-space eltdf-bl-standard eltdf-three-columns eltdf-medium-space eltdf-bl-pag-no-pagination\"  data-type=\"standard\" data-number-of-posts=\"10\" data-number-of-columns=\"three\" data-space-between-items=\"medium\" data-orderby=\"date\" data-order=\"DESC\" data-image-size=\"full\" data-title-tag=\"h4\" data-excerpt-length=\"8\" data-post-info-section=\"yes\" data-post-info-image=\"yes\" data-post-info-author=\"no\" data-post-info-date=\"yes\" data-post-info-category=\"no\" data-post-info-comments=\"no\" data-post-info-like=\"no\" data-post-info-share=\"no\" data-pagination-type=\"no-pagination\" data-max-num-pages=\"1\" data-next-page=\"2\">\n\t<div class=\"eltdf-bl-wrapper eltdf-outer-space\">\n\t\t<ul class=\"eltdf-blog-list\">\n\t\t\t    <li class=\"eltdf-bl-item eltdf-item-space\">\n\t<div class=\"eltdf-bli-inner\">\n\t\t\n\t<div class=\"eltdf-post-image\">\n\t\t\t\t\t<a itemprop=\"url\" href=\"https:\/\/www.cocktail-studio.com\/en\/blog\/2022\/03\/22\/pourquoi-le-bien-etre-animal\/\" title=\"Pourquoi le bien-\u00eatre animal ?\">\n\t\t\t\t\t<img width=\"809\" height=\"633\" src=\"https:\/\/www.cocktail-studio.com\/wp-content\/uploads\/2022\/03\/illustration-blog_animaux.jpg\" class=\"attachment-full size-full wp-post-image\" alt=\"\" decoding=\"async\" loading=\"lazy\" srcset=\"https:\/\/www.cocktail-studio.com\/wp-content\/uploads\/2022\/03\/illustration-blog_animaux.jpg 809w, https:\/\/www.cocktail-studio.com\/wp-content\/uploads\/2022\/03\/illustration-blog_animaux-300x235.jpg 300w, https:\/\/www.cocktail-studio.com\/wp-content\/uploads\/2022\/03\/illustration-blog_animaux-768x601.jpg 768w, https:\/\/www.cocktail-studio.com\/wp-content\/uploads\/2022\/03\/illustration-blog_animaux-15x12.jpg 15w\" sizes=\"(max-width: 809px) 100vw, 809px\" \/>\t\t\t\t\t<\/a>\n\t\t\t\t\t<\/div>\n        <div class=\"eltdf-bli-content\">\n                            <div class=\"eltdf-bli-info\">\n\t                <div itemprop=\"dateCreated\" class=\"eltdf-post-info-date entry-date published updated\">\n            <a itemprop=\"url\" href=\"https:\/\/www.cocktail-studio.com\/en\/blog\/2022\/03\/\">\n    \n        22 March 2022        <\/a>\n    <meta itemprop=\"interactionCount\" content=\"UserComments: 0\"\/>\n<\/div>                <\/div>\n            \t\n\t        \n<h4 itemprop=\"name\" class=\"entry-title eltdf-post-title\" >\n            <a itemprop=\"url\" href=\"https:\/\/www.cocktail-studio.com\/en\/blog\/2022\/03\/22\/pourquoi-le-bien-etre-animal\/\" title=\"Pourquoi le bien-\u00eatre animal ?\">\n            Pourquoi le bien-\u00eatre animal ?            <\/a>\n    <\/h4>\t\n\t        <div class=\"eltdf-bli-excerpt\">\n\t\t        \t\t<div class=\"eltdf-post-excerpt-holder\">\n\t\t\t<p itemprop=\"description\" class=\"eltdf-post-excerpt\">\n\t\t\t\t\nPourquoi ai-je centr\u00e9 mon activit\u00e9 dans un secteur\t\t\t<\/p>\n\t\t<\/div>\n\t\t\t        \t<div class=\"eltdf-post-read-more-button\">\n\t\t<a itemprop=\"url\" href=\"https:\/\/www.cocktail-studio.com\/en\/blog\/2022\/03\/22\/pourquoi-le-bien-etre-animal\/\" target=\"_self\"  class=\"eltdf-btn eltdf-btn-small eltdf-btn-solid eltdf-blog-list-button eltdf-dir-aware-hover\"  >    <span class=\"eltdf-btn-text\">Read More<\/span>            \t<span class=\"eltdf-btn-background-holder\">\t\t    <span class=\"eltdf-btn-background\"><\/span>\t   <\/span>    <\/a>\t<\/div>\n\t        <\/div>\n        <\/div>\n\t<\/div>\n<\/li>    <li class=\"eltdf-bl-item eltdf-item-space\">\n\t<div class=\"eltdf-bli-inner\">\n\t\t\n\t<div class=\"eltdf-post-image\">\n\t\t\t\t\t<a itemprop=\"url\" href=\"https:\/\/www.cocktail-studio.com\/en\/blog\/2022\/02\/10\/voeux-2022\/\" title=\"V\u0153ux 2022\">\n\t\t\t\t\t<img width=\"810\" height=\"634\" src=\"https:\/\/www.cocktail-studio.com\/wp-content\/uploads\/2022\/03\/meilleurs-voeux_couv.jpg\" class=\"attachment-full size-full wp-post-image\" alt=\"\" decoding=\"async\" loading=\"lazy\" srcset=\"https:\/\/www.cocktail-studio.com\/wp-content\/uploads\/2022\/03\/meilleurs-voeux_couv.jpg 810w, https:\/\/www.cocktail-studio.com\/wp-content\/uploads\/2022\/03\/meilleurs-voeux_couv-300x235.jpg 300w, https:\/\/www.cocktail-studio.com\/wp-content\/uploads\/2022\/03\/meilleurs-voeux_couv-768x601.jpg 768w, https:\/\/www.cocktail-studio.com\/wp-content\/uploads\/2022\/03\/meilleurs-voeux_couv-15x12.jpg 15w\" sizes=\"(max-width: 810px) 100vw, 810px\" \/>\t\t\t\t\t<\/a>\n\t\t\t\t\t<\/div>\n        <div class=\"eltdf-bli-content\">\n                            <div class=\"eltdf-bli-info\">\n\t                <div itemprop=\"dateCreated\" class=\"eltdf-post-info-date entry-date published updated\">\n            <a itemprop=\"url\" href=\"https:\/\/www.cocktail-studio.com\/en\/blog\/2022\/02\/\">\n    \n        10 February 2022        <\/a>\n    <meta itemprop=\"interactionCount\" content=\"UserComments: 0\"\/>\n<\/div>                <\/div>\n            \t\n\t        \n<h4 itemprop=\"name\" class=\"entry-title eltdf-post-title\" >\n            <a itemprop=\"url\" href=\"https:\/\/www.cocktail-studio.com\/en\/blog\/2022\/02\/10\/voeux-2022\/\" title=\"V\u0153ux 2022\">\n            V\u0153ux 2022            <\/a>\n    <\/h4>\t\n\t        <div class=\"eltdf-bli-excerpt\">\n\t\t        \t\t<div class=\"eltdf-post-excerpt-holder\">\n\t\t\t<p itemprop=\"description\" class=\"eltdf-post-excerpt\">\n\t\t\t\t\nPour les v\u0153ux de cette ann\u00e9e, j'ai r\u00e9alis\u00e9\t\t\t<\/p>\n\t\t<\/div>\n\t\t\t        \t<div class=\"eltdf-post-read-more-button\">\n\t\t<a itemprop=\"url\" href=\"https:\/\/www.cocktail-studio.com\/en\/blog\/2022\/02\/10\/voeux-2022\/\" target=\"_self\"  class=\"eltdf-btn eltdf-btn-small eltdf-btn-solid eltdf-blog-list-button eltdf-dir-aware-hover\"  >    <span class=\"eltdf-btn-text\">Read More<\/span>            \t<span class=\"eltdf-btn-background-holder\">\t\t    <span class=\"eltdf-btn-background\"><\/span>\t   <\/span>    <\/a>\t<\/div>\n\t        <\/div>\n        <\/div>\n\t<\/div>\n<\/li>    <li class=\"eltdf-bl-item eltdf-item-space\">\n\t<div class=\"eltdf-bli-inner\">\n\t\t\n\t<div class=\"eltdf-post-image\">\n\t\t\t\t\t<a itemprop=\"url\" href=\"https:\/\/www.cocktail-studio.com\/en\/blog\/2020\/05\/05\/logofolio-01\/\" title=\"Logofolio #01\">\n\t\t\t\t\t<img width=\"809\" height=\"633\" src=\"https:\/\/www.cocktail-studio.com\/wp-content\/uploads\/2020\/05\/couverture-projet.jpg\" class=\"attachment-full size-full wp-post-image\" alt=\"\" decoding=\"async\" loading=\"lazy\" srcset=\"https:\/\/www.cocktail-studio.com\/wp-content\/uploads\/2020\/05\/couverture-projet.jpg 809w, https:\/\/www.cocktail-studio.com\/wp-content\/uploads\/2020\/05\/couverture-projet-300x235.jpg 300w, https:\/\/www.cocktail-studio.com\/wp-content\/uploads\/2020\/05\/couverture-projet-768x601.jpg 768w\" sizes=\"(max-width: 809px) 100vw, 809px\" \/>\t\t\t\t\t<\/a>\n\t\t\t\t\t<\/div>\n        <div class=\"eltdf-bli-content\">\n                            <div class=\"eltdf-bli-info\">\n\t                <div itemprop=\"dateCreated\" class=\"eltdf-post-info-date entry-date published updated\">\n            <a itemprop=\"url\" href=\"https:\/\/www.cocktail-studio.com\/en\/blog\/2020\/05\/\">\n    \n        5 May 2020        <\/a>\n    <meta itemprop=\"interactionCount\" content=\"UserComments: 0\"\/>\n<\/div>                <\/div>\n            \t\n\t        \n<h4 itemprop=\"name\" class=\"entry-title eltdf-post-title\" >\n            <a itemprop=\"url\" href=\"https:\/\/www.cocktail-studio.com\/en\/blog\/2020\/05\/05\/logofolio-01\/\" title=\"Logofolio #01\">\n            Logofolio #01            <\/a>\n    <\/h4>\t\n\t        <div class=\"eltdf-bli-excerpt\">\n\t\t        \t\t<div class=\"eltdf-post-excerpt-holder\">\n\t\t\t<p itemprop=\"description\" class=\"eltdf-post-excerpt\">\n\t\t\t\t\nPetit exercice personnel de logotype m\u00ealant recherche typographique\t\t\t<\/p>\n\t\t<\/div>\n\t\t\t        \t<div class=\"eltdf-post-read-more-button\">\n\t\t<a itemprop=\"url\" href=\"https:\/\/www.cocktail-studio.com\/en\/blog\/2020\/05\/05\/logofolio-01\/\" target=\"_self\"  class=\"eltdf-btn eltdf-btn-small eltdf-btn-solid eltdf-blog-list-button eltdf-dir-aware-hover\"  >    <span class=\"eltdf-btn-text\">Read More<\/span>            \t<span class=\"eltdf-btn-background-holder\">\t\t    <span class=\"eltdf-btn-background\"><\/span>\t   <\/span>    <\/a>\t<\/div>\n\t        <\/div>\n        <\/div>\n\t<\/div>\n<\/li>    <li class=\"eltdf-bl-item eltdf-item-space\">\n\t<div class=\"eltdf-bli-inner\">\n\t\t\n\t<div class=\"eltdf-post-image\">\n\t\t\t\t\t<a itemprop=\"url\" href=\"https:\/\/www.cocktail-studio.com\/en\/blog\/2020\/01\/31\/cartes-de-voeux\/\" title=\"Cartes de v\u0153ux\">\n\t\t\t\t\t<img width=\"809\" height=\"633\" src=\"https:\/\/www.cocktail-studio.com\/wp-content\/uploads\/2020\/05\/voeux-couverture.jpg\" class=\"attachment-full size-full wp-post-image\" alt=\"\" decoding=\"async\" loading=\"lazy\" srcset=\"https:\/\/www.cocktail-studio.com\/wp-content\/uploads\/2020\/05\/voeux-couverture.jpg 809w, https:\/\/www.cocktail-studio.com\/wp-content\/uploads\/2020\/05\/voeux-couverture-300x235.jpg 300w, https:\/\/www.cocktail-studio.com\/wp-content\/uploads\/2020\/05\/voeux-couverture-768x601.jpg 768w\" sizes=\"(max-width: 809px) 100vw, 809px\" \/>\t\t\t\t\t<\/a>\n\t\t\t\t\t<\/div>\n        <div class=\"eltdf-bli-content\">\n                            <div class=\"eltdf-bli-info\">\n\t                <div itemprop=\"dateCreated\" class=\"eltdf-post-info-date entry-date published updated\">\n            <a itemprop=\"url\" href=\"https:\/\/www.cocktail-studio.com\/en\/blog\/2020\/01\/\">\n    \n        31 January 2020        <\/a>\n    <meta itemprop=\"interactionCount\" content=\"UserComments: 0\"\/>\n<\/div>                <\/div>\n            \t\n\t        \n<h4 itemprop=\"name\" class=\"entry-title eltdf-post-title\" >\n            <a itemprop=\"url\" href=\"https:\/\/www.cocktail-studio.com\/en\/blog\/2020\/01\/31\/cartes-de-voeux\/\" title=\"Cartes de v\u0153ux\">\n            Cartes de v\u0153ux            <\/a>\n    <\/h4>\t\n\t        <div class=\"eltdf-bli-excerpt\">\n\t\t        \t\t<div class=\"eltdf-post-excerpt-holder\">\n\t\t\t<p itemprop=\"description\" class=\"eltdf-post-excerpt\">\n\t\t\t\t\nVoici les cartes de v\u0153ux 2020 !!C'\u00e9tait un\t\t\t<\/p>\n\t\t<\/div>\n\t\t\t        \t<div class=\"eltdf-post-read-more-button\">\n\t\t<a itemprop=\"url\" href=\"https:\/\/www.cocktail-studio.com\/en\/blog\/2020\/01\/31\/cartes-de-voeux\/\" target=\"_self\"  class=\"eltdf-btn eltdf-btn-small eltdf-btn-solid eltdf-blog-list-button eltdf-dir-aware-hover\"  >    <span class=\"eltdf-btn-text\">Read More<\/span>            \t<span class=\"eltdf-btn-background-holder\">\t\t    <span class=\"eltdf-btn-background\"><\/span>\t   <\/span>    <\/a>\t<\/div>\n\t        <\/div>\n        <\/div>\n\t<\/div>\n<\/li>\t\t<\/ul>\n\t<\/div>\n\t<\/div>\t\t<\/div>\n\t<\/div>\n<\/div><\/div><\/div><\/div><\/div><\/div><\/div><\/div>","protected":false},"excerpt":{"rendered":"Voici les cartes de v\u0153ux 2020 !!C'\u00e9tait un [...]","protected":false},"author":1,"featured_media":0,"parent":0,"menu_order":0,"comment_status":"closed","ping_status":"closed","template":"","meta":{"_monsterinsights_skip_tracking":false,"_monsterinsights_sitenote_active":false,"_monsterinsights_sitenote_note":"","_monsterinsights_sitenote_category":0},"_links":{"self":[{"href":"https:\/\/www.cocktail-studio.com\/en\/wp-json\/wp\/v2\/pages\/5390"}],"collection":[{"href":"https:\/\/www.cocktail-studio.com\/en\/wp-json\/wp\/v2\/pages"}],"about":[{"href":"https:\/\/www.cocktail-studio.com\/en\/wp-json\/wp\/v2\/types\/page"}],"author":[{"embeddable":true,"href":"https:\/\/www.cocktail-studio.com\/en\/wp-json\/wp\/v2\/users\/1"}],"replies":[{"embeddable":true,"href":"https:\/\/www.cocktail-studio.com\/en\/wp-json\/wp\/v2\/comments?post=5390"}],"version-history":[{"count":16,"href":"https:\/\/www.cocktail-studio.com\/en\/wp-json\/wp\/v2\/pages\/5390\/revisions"}],"predecessor-version":[{"id":6341,"href":"https:\/\/www.cocktail-studio.com\/en\/wp-json\/wp\/v2\/pages\/5390\/revisions\/6341"}],"wp:attachment":[{"href":"https:\/\/www.cocktail-studio.com\/en\/wp-json\/wp\/v2\/media?parent=5390"}],"curies":[{"name":"wp","href":"https:\/\/api.w.org\/{rel}","templated":true}]}}