{"id":3733,"date":"2017-04-16T11:06:08","date_gmt":"2017-04-16T09:06:08","guid":{"rendered":"http:\/\/cocktail-studio.com\/?page_id=3733"},"modified":"2021-12-13T10:27:16","modified_gmt":"2021-12-13T09:27:16","slug":"politique-confidentialite-mentions-legales","status":"publish","type":"page","link":"https:\/\/www.cocktail-studio.com\/en\/politique-confidentialite-mentions-legales\/","title":{"rendered":"Privacy Policy"},"content":{"rendered":"<div class=\"vc_row wpb_row vc_row-fluid vc_row-o-full-height vc_row-o-columns-middle vc_row-flex\" ><div class=\"wpb_column vc_column_container vc_col-sm-12\"><div class=\"vc_column-inner\"><div class=\"wpb_wrapper\"><div class=\"eltdf-elements-holder   eltdf-two-columns  eltdf-responsive-mode-768\" ><div class=\"eltdf-eh-item\"  data-item-class=\"eltdf-eh-custom-8793\">\n\t<div class=\"eltdf-eh-item-inner\">\n\t\t<div class=\"eltdf-eh-item-content eltdf-eh-custom-8793\" style=\"padding: 10px\">\n\t\t\t\n\t<div class=\"wpb_text_column wpb_content_element\" >\n\t\t<div class=\"wpb_wrapper\">\n\t\t\t<div class=\"content\">\n<h3>Privacy Policy<\/h3>\n<h4 id=\"introduction\"><strong>Introduction<\/strong><\/h4>\n<p>Dans le cadre de son activit\u00e9, l&rsquo;entreprise Clara Dupuy, connue sous le nom de \u00ab\u00a0Cocktail Studio\u00a0\u00bb, dont le si\u00e8ge social est situ\u00e9 \u00e0 Grenoble (38100), est amen\u00e9e \u00e0 collecter et \u00e0 traiter des informations dont certaines sont qualifi\u00e9es de \u00ab\u00a0donn\u00e9es personnelles\u00a0\u00bb. Clara Dupuy attache une grande importance au respect de la vie priv\u00e9e, et n\u2019utilise que des donnes de mani\u00e8re responsable et confidentielle et dans une finalit\u00e9 pr\u00e9cise.<\/p>\n<h5 id=\"donn-es-personnelles\"><strong>Donn\u00e9es personnelles<\/strong><\/h5>\n<p>Sur le site web cocktail-studio.com, il y a 2 types de donn\u00e9es susceptibles d\u2019\u00eatre recueillies :<\/p>\n<ul>\n<li><strong>Les donn\u00e9es transmises directement<\/strong><br \/>\nCes donn\u00e9es sont celles que vous nous transmettez directement, via un formulaire de contact ou bien par contact direct par email. Sont obligatoires dans le formulaire de contact le champs \u00ab pr\u00e9nom et nom \u00bb, et \u00ab email \u00bb.<\/li>\n<li><strong>Les donn\u00e9es collect\u00e9es automatiquement<\/strong><br \/>\nLors de vos visites, une fois votre consentement donn\u00e9, nous pouvons recueillir des informations de type \u00ab web analytics \u00bb relatives \u00e0 votre navigation, la dur\u00e9e de votre consultation, votre adresse IP, votre type et version de navigateur. La technologie utilis\u00e9e est le cookie.<\/li>\n<\/ul>\n<h5 id=\"utilisation-des-donn-es\"><strong>Utilisation des donn\u00e9es<\/strong><\/h5>\n<p>Les donn\u00e9es que vous me transmettez directement sont utilis\u00e9es dans le but de vous re-contacter et\/ou dans le cadre de la demande que vous me faites. Les donn\u00e9es \u00ab web analytics \u00bb sont collect\u00e9es de forme anonyme (en enregistrant des adresses IP anonymes) par Google Analytics, et nous permettent de mesurer l&rsquo;audience du site web, les consultations et les \u00e9ventuelles erreurs afin d\u2019am\u00e9liorer constamment l\u2019exp\u00e9rience des utilisateurs. Ces donn\u00e9es sont utilis\u00e9es par Clara Dupuy, responsable du traitement des donn\u00e9es, et ne seront jamais c\u00e9d\u00e9es \u00e0 un tiers ni utilis\u00e9es \u00e0 d\u2019autres fins que celles d\u00e9taill\u00e9es ci-dessus.<\/p>\n<h5 id=\"base-l-gale\"><strong>Base l\u00e9gale<\/strong><\/h5>\n<p>Les donn\u00e9es personnelles ne sont collect\u00e9es qu\u2019apr\u00e8s consentement obligatoire de l\u2019utilisateur. Ce consentement est valablement recueilli (boutons et cases \u00e0 cocher), libre, clair et sans \u00e9quivoque.<\/p>\n<h5 id=\"dur-e-de-conservation\"><strong>Dur\u00e9e de conservation<\/strong><\/h5>\n<p>Les donn\u00e9es seront sauvegard\u00e9es durant une dur\u00e9e maximale de 3 ans.<\/p>\n<h5 id=\"cookies\"><strong>Cookies<\/strong><\/h5>\n<p>Voici la liste des cookies utilis\u00e9es et leur objectif :<\/p>\n<ul>\n<li>Cookies Google Analytics : Web analytics<\/li>\n<\/ul>\n<h5 id=\"vos-droits-concernant-les-donn-es-personnelles\"><strong>Vos droits concernant les donn\u00e9es personnelles<\/strong><\/h5>\n<p>Vous avez le droit de consultation, demande de modification ou d\u2019effacement sur l\u2019ensemble de vos donn\u00e9es personnelles. Vous pouvez \u00e9galement retirer votre consentement au traitement de vos donn\u00e9es.<\/p>\n<h5 id=\"contact-d-l-gu-la-protection-des-donn-es\"><strong>Contact d\u00e9l\u00e9gu\u00e9 \u00e0 la protection des donn\u00e9es<\/strong><\/h5>\n<p>Clara Dupuy<br \/>\nclara@cocktail-studio.com<\/p>\n<\/div>\n<h5><\/h5>\n<p>&nbsp;<\/p>\n<p>&nbsp;<\/p>\n<div class=\"content\">\n<h3 id=\"contact-d-l-gu-la-protection-des-donn-es\">Mentions L\u00e9gales<\/h3>\n<h5><strong>Clara DUPUY<\/strong><\/h5>\n<p>Graphiste auto-entrepreneur situ\u00e9e \u00e0 Grenoble.<\/p>\n<p><strong>SIRET <\/strong>813581451 00040<\/p>\n<p><strong>Code APE : <\/strong>7410Z Activit\u00e9s Sp\u00e9cialis\u00e9es Design<\/p>\n<p>&nbsp;<\/p>\n<h5><strong>H<\/strong><strong>\u00c9<\/strong><strong>BERGEMENT<\/strong><\/h5>\n<p>OVH &#8211; www.ovh.com<br \/>\nSi\u00e8ge social : 2 rue Kellermann \u2013 59100 Roubaix \u2013 France.<\/p>\n<p>&nbsp;<\/p>\n<h5><strong>PROPRI\u00c9T\u00c9 INTELLECTUELLE<\/strong><\/h5>\n<p>La pr\u00e9sentation et chacun des \u00e9l\u00e9ments apparaissant sur le site cocktail-studio.com\u00a0sont prot\u00e9g\u00e9s par les lois en vigueur sur la propri\u00e9t\u00e9 intellectuelle, et appartiennent \u00e0 l\u2019auteur ou font l\u2019objet d\u2019une autorisation d\u2019utilisation.<br \/>\nAucun \u00e9l\u00e9ment composant le site cocktail-studio.com ne peut \u00eatre copi\u00e9, reproduit, modifi\u00e9, r\u00e9\u00e9dit\u00e9, charg\u00e9, d\u00e9natur\u00e9, transmis ou distribu\u00e9 de quelque mani\u00e8re que ce soit, sous quelque support que ce soit, de fa\u00e7on partielle ou int\u00e9grale, sans l\u2019autorisation \u00e9crite et pr\u00e9alable de l\u2019auteur.<\/p>\n<p>Les logos, images et marques ou tout autre \u00e9l\u00e9ment relatifs aux autres soci\u00e9t\u00e9s cit\u00e9s ou utilis\u00e9s sur le site cocktail-studio.com sont la propri\u00e9t\u00e9 respective de leurs auteurs.<\/p>\n<p>Toute repr\u00e9sentation totale ou partielle du site par quelque proc\u00e9d\u00e9 que ce soit, sans l\u2019autorisation expresse de L\u2019auteur est interdite et constituerait une contrefa\u00e7on sanctionn\u00e9e par les articles L.335-2 et suivants du Code de la propri\u00e9t\u00e9 intellectuelle. L\u2019auteur se r\u00e9serve le droit de poursuivre tout acte de contrefa\u00e7on de ses droits de propri\u00e9t\u00e9 intellectuelle.<\/p>\n<div class=\"clearfix\"><\/div>\n<\/div>\n<div class=\"clearfix\"><\/div>\n<div class=\"clearfix\"><\/div>\n<div class=\"clearfix\"><\/div>\n<div class=\"clearfix\"><\/div>\n<div class=\"sidebar1\"><\/div>\n\n\t\t<\/div>\n\t<\/div>\n\t\t<\/div>\n\t<\/div>\n<\/div><\/div><\/div><\/div><\/div><\/div>","protected":false},"excerpt":{"rendered":"Politique de Confidentialit\u00e9 Introduction Dans le cadre de [...]","protected":false},"author":1,"featured_media":0,"parent":0,"menu_order":0,"comment_status":"closed","ping_status":"closed","template":"","meta":{"_monsterinsights_skip_tracking":false,"_monsterinsights_sitenote_active":false,"_monsterinsights_sitenote_note":"","_monsterinsights_sitenote_category":0},"_links":{"self":[{"href":"https:\/\/www.cocktail-studio.com\/en\/wp-json\/wp\/v2\/pages\/3733"}],"collection":[{"href":"https:\/\/www.cocktail-studio.com\/en\/wp-json\/wp\/v2\/pages"}],"about":[{"href":"https:\/\/www.cocktail-studio.com\/en\/wp-json\/wp\/v2\/types\/page"}],"author":[{"embeddable":true,"href":"https:\/\/www.cocktail-studio.com\/en\/wp-json\/wp\/v2\/users\/1"}],"replies":[{"embeddable":true,"href":"https:\/\/www.cocktail-studio.com\/en\/wp-json\/wp\/v2\/comments?post=3733"}],"version-history":[{"count":11,"href":"https:\/\/www.cocktail-studio.com\/en\/wp-json\/wp\/v2\/pages\/3733\/revisions"}],"predecessor-version":[{"id":6191,"href":"https:\/\/www.cocktail-studio.com\/en\/wp-json\/wp\/v2\/pages\/3733\/revisions\/6191"}],"wp:attachment":[{"href":"https:\/\/www.cocktail-studio.com\/en\/wp-json\/wp\/v2\/media?parent=3733"}],"curies":[{"name":"wp","href":"https:\/\/api.w.org\/{rel}","templated":true}]}}